{"id":84,"date":"2025-04-05T02:28:03","date_gmt":"2025-04-04T23:28:03","guid":{"rendered":"https:\/\/www.hafmakpar.com.tr\/?post_type=product&#038;p=84"},"modified":"2025-04-06T00:27:15","modified_gmt":"2025-04-05T21:27:15","slug":"pinyon-kapagi","status":"publish","type":"product","link":"https:\/\/www.hafmakpar.com.tr\/?product=pinyon-kapagi","title":{"rendered":"Pinyon Kapa\u011f\u0131"},"content":{"rendered":"<p>Iveco \/ Fiat 50NC kamyonlar\u0131 i\u00e7in pinyon kapa\u011f\u0131<\/p>\n","protected":false},"excerpt":{"rendered":"<p>Iveco \/ Fiat 50NC kamyonlar\u0131 i\u00e7in pinyon kapa\u011f\u0131<\/p>\n","protected":false},"featured_media":89,"comment_status":"open","ping_status":"closed","template":"","meta":[],"product_brand":[21],"product_cat":[20],"product_tag":[],"class_list":{"0":"post-84","1":"product","2":"type-product","3":"status-publish","4":"has-post-thumbnail","6":"product_brand-mako","7":"product_cat-mars-sistemi","9":"first","10":"instock","11":"sale","12":"taxable","13":"shipping-taxable","14":"purchasable","15":"product-type-simple"},"jetpack_sharing_enabled":true,"_links":{"self":[{"href":"https:\/\/www.hafmakpar.com.tr\/index.php?rest_route=\/wp\/v2\/product\/84","targetHints":{"allow":["GET"]}}],"collection":[{"href":"https:\/\/www.hafmakpar.com.tr\/index.php?rest_route=\/wp\/v2\/product"}],"about":[{"href":"https:\/\/www.hafmakpar.com.tr\/index.php?rest_route=\/wp\/v2\/types\/product"}],"replies":[{"embeddable":true,"href":"https:\/\/www.hafmakpar.com.tr\/index.php?rest_route=%2Fwp%2Fv2%2Fcomments&post=84"}],"wp:featuredmedia":[{"embeddable":true,"href":"https:\/\/www.hafmakpar.com.tr\/index.php?rest_route=\/wp\/v2\/media\/89"}],"wp:attachment":[{"href":"https:\/\/www.hafmakpar.com.tr\/index.php?rest_route=%2Fwp%2Fv2%2Fmedia&parent=84"}],"wp:term":[{"taxonomy":"product_brand","embeddable":true,"href":"https:\/\/www.hafmakpar.com.tr\/index.php?rest_route=%2Fwp%2Fv2%2Fproduct_brand&post=84"},{"taxonomy":"product_cat","embeddable":true,"href":"https:\/\/www.hafmakpar.com.tr\/index.php?rest_route=%2Fwp%2Fv2%2Fproduct_cat&post=84"},{"taxonomy":"product_tag","embeddable":true,"href":"https:\/\/www.hafmakpar.com.tr\/index.php?rest_route=%2Fwp%2Fv2%2Fproduct_tag&post=84"}],"curies":[{"name":"wp","href":"https:\/\/api.w.org\/{rel}","templated":true}]}}