{"id":8,"date":"2025-04-05T01:36:33","date_gmt":"2025-04-04T22:36:33","guid":{"rendered":"https:\/\/hafmakpar.com.tr\/index.php\/sepet\/"},"modified":"2025-04-05T13:54:36","modified_gmt":"2025-04-05T10:54:36","slug":"sepet","status":"publish","type":"page","link":"https:\/\/www.hafmakpar.com.tr\/?page_id=8","title":{"rendered":"Sepet"},"content":{"rendered":"<div data-block-name=\"woocommerce\/cart\" class=\"wp-block-woocommerce-cart alignwide is-loading\"><div data-block-name=\"woocommerce\/filled-cart-block\" class=\"wp-block-woocommerce-filled-cart-block\"><div data-block-name=\"woocommerce\/cart-items-block\" class=\"wp-block-woocommerce-cart-items-block\"><div data-block-name=\"woocommerce\/cart-line-items-block\" class=\"wp-block-woocommerce-cart-line-items-block\"><\/div>\n\n<div data-block-name=\"woocommerce\/cart-cross-sells-block\" class=\"wp-block-woocommerce-cart-cross-sells-block\"><h2 class=\"wp-block-heading has-large-font-size\">\u0130lginizi \u00e7ekebilir\u2026<\/h2>\n\n<div data-block-name=\"woocommerce\/cart-cross-sells-products-block\" class=\"wp-block-woocommerce-cart-cross-sells-products-block\"><\/div><\/div><\/div>\n\n<div data-block-name=\"woocommerce\/cart-totals-block\" class=\"wp-block-woocommerce-cart-totals-block\"><div data-block-name=\"woocommerce\/cart-order-summary-block\" class=\"wp-block-woocommerce-cart-order-summary-block\"><div data-block-name=\"woocommerce\/cart-order-summary-heading-block\" class=\"wp-block-woocommerce-cart-order-summary-heading-block\"><\/div><div data-block-name=\"woocommerce\/cart-order-summary-coupon-form-block\" class=\"wp-block-woocommerce-cart-order-summary-coupon-form-block\"><\/div><div data-block-name=\"woocommerce\/cart-order-summary-totals-block\" class=\"wp-block-woocommerce-cart-order-summary-totals-block\">\n<div data-block-name=\"woocommerce\/cart-order-summary-subtotal-block\" class=\"wp-block-woocommerce-cart-order-summary-subtotal-block\"><\/div>\n<div data-block-name=\"woocommerce\/cart-order-summary-discount-block\" class=\"wp-block-woocommerce-cart-order-summary-discount-block\"><\/div>\n<div data-block-name=\"woocommerce\/cart-order-summary-fee-block\" class=\"wp-block-woocommerce-cart-order-summary-fee-block\"><\/div>\n<div data-block-name=\"woocommerce\/cart-order-summary-shipping-block\" class=\"wp-block-woocommerce-cart-order-summary-shipping-block\"><\/div>\n<div data-block-name=\"woocommerce\/cart-order-summary-taxes-block\" class=\"wp-block-woocommerce-cart-order-summary-taxes-block\"><\/div><\/div><\/div>\n\n<div data-block-name=\"woocommerce\/cart-express-payment-block\" class=\"wp-block-woocommerce-cart-express-payment-block\"><\/div>\n\n<div data-block-name=\"woocommerce\/proceed-to-checkout-block\" class=\"wp-block-woocommerce-proceed-to-checkout-block\"><\/div>\n\n<div data-block-name=\"woocommerce\/cart-accepted-payment-methods-block\" class=\"wp-block-woocommerce-cart-accepted-payment-methods-block\"><\/div><\/div><\/div>\n\n<div data-block-name=\"woocommerce\/empty-cart-block\" class=\"wp-block-woocommerce-empty-cart-block\"><h2 class=\"wp-block-heading has-text-align-center with-empty-cart-icon wc-block-cart__empty-cart__title\">Sepetiniz \u015fu anda bo\u015f!<\/h2>\n\n<hr class=\"wp-block-separator has-alpha-channel-opacity is-style-dots\"\/>\n\n<h2 class=\"wp-block-heading has-text-align-center\">Ma\u011fazada yeni<\/h2>\n\n<div data-block-name=\"woocommerce\/product-new\" data-columns=\"4\" data-rows=\"1\" class=\"wc-block-grid wp-block-product-new wp-block-woocommerce-product-new wc-block-product-new has-4-columns\"><ul class=\"wc-block-grid__products\"><li class=\"wc-block-grid__product\">\n\t\t\t\t<a href=\"https:\/\/www.hafmakpar.com.tr\/?product=patinaj-zinciri-3\" class=\"wc-block-grid__product-link\">\n\t\t\t\t\t<div class=\"wc-block-grid__product-onsale\">\n\t\t\t<span aria-hidden=\"true\">\u0130ndirim<\/span>\n\t\t\t<span class=\"screen-reader-text\">\u0130ndirimdeki \u00fcr\u00fcn<\/span>\n\t\t<\/div>\n\t\t\t\t\t<div class=\"wc-block-grid__product-image\"><img loading=\"lazy\" decoding=\"async\" width=\"300\" height=\"300\" src=\"https:\/\/www.hafmakpar.com.tr\/wp-content\/uploads\/2025\/04\/WhatsApp-Image-2025-04-03-at-21.34.18-300x300.jpeg\" class=\"attachment-woocommerce_thumbnail size-woocommerce_thumbnail\" alt=\"Patinaj Zinciri\" srcset=\"https:\/\/www.hafmakpar.com.tr\/wp-content\/uploads\/2025\/04\/WhatsApp-Image-2025-04-03-at-21.34.18-300x300.jpeg 300w, https:\/\/www.hafmakpar.com.tr\/wp-content\/uploads\/2025\/04\/WhatsApp-Image-2025-04-03-at-21.34.18-150x150.jpeg 150w, https:\/\/www.hafmakpar.com.tr\/wp-content\/uploads\/2025\/04\/WhatsApp-Image-2025-04-03-at-21.34.18-100x100.jpeg 100w\" sizes=\"auto, (max-width: 300px) 100vw, 300px\" \/><\/div>\n\t\t\t\t\t<div class=\"wc-block-grid__product-title\">Patinaj Zinciri<\/div>\n\t\t\t\t<\/a>\n\t\t\t\t<div class=\"wc-block-grid__product-price price\"><del aria-hidden=\"true\"><span class=\"woocommerce-Price-amount amount\">1,500.00<span class=\"woocommerce-Price-currencySymbol\">&#8378;<\/span><\/span><\/del> <span class=\"screen-reader-text\">Orijinal fiyat: 1,500.00&#8378;.<\/span><ins aria-hidden=\"true\"><span class=\"woocommerce-Price-amount amount\">1,400.00<span class=\"woocommerce-Price-currencySymbol\">&#8378;<\/span><\/span><\/ins><span class=\"screen-reader-text\">\u015eu andaki fiyat: 1,400.00&#8378;.<\/span><\/div>\n\t\t\t\t\n\t\t\t\t<div class=\"wp-block-button wc-block-grid__product-add-to-cart\"><a href=\"?add-to-cart=106\" aria-label=\"Sepete ekle: \u201cPatinaj Zinciri\u201d\" data-quantity=\"1\" data-product_id=\"106\" data-product_sku=\"02010003\" data-price=\"1400\" rel=\"nofollow\" class=\"wp-block-button__link wp-element-button add_to_cart_button ajax_add_to_cart\">Sepete Ekle<\/a><\/div>\n\t\t\t<\/li><li class=\"wc-block-grid__product\">\n\t\t\t\t<a href=\"https:\/\/www.hafmakpar.com.tr\/?product=kalorifer-motoru\" class=\"wc-block-grid__product-link\">\n\t\t\t\t\t<div class=\"wc-block-grid__product-onsale\">\n\t\t\t<span aria-hidden=\"true\">\u0130ndirim<\/span>\n\t\t\t<span class=\"screen-reader-text\">\u0130ndirimdeki \u00fcr\u00fcn<\/span>\n\t\t<\/div>\n\t\t\t\t\t<div class=\"wc-block-grid__product-image\"><img loading=\"lazy\" decoding=\"async\" width=\"300\" height=\"300\" src=\"https:\/\/www.hafmakpar.com.tr\/wp-content\/uploads\/2025\/04\/WhatsApp-Image-2025-04-03-at-21.33.50-300x300.jpeg\" class=\"attachment-woocommerce_thumbnail size-woocommerce_thumbnail\" alt=\"Kalorifer Motoru\" srcset=\"https:\/\/www.hafmakpar.com.tr\/wp-content\/uploads\/2025\/04\/WhatsApp-Image-2025-04-03-at-21.33.50-300x300.jpeg 300w, https:\/\/www.hafmakpar.com.tr\/wp-content\/uploads\/2025\/04\/WhatsApp-Image-2025-04-03-at-21.33.50-150x150.jpeg 150w, https:\/\/www.hafmakpar.com.tr\/wp-content\/uploads\/2025\/04\/WhatsApp-Image-2025-04-03-at-21.33.50-100x100.jpeg 100w\" sizes=\"auto, (max-width: 300px) 100vw, 300px\" \/><\/div>\n\t\t\t\t\t<div class=\"wc-block-grid__product-title\">Kalorifer Motoru<\/div>\n\t\t\t\t<\/a>\n\t\t\t\t<div class=\"wc-block-grid__product-price price\"><del aria-hidden=\"true\"><span class=\"woocommerce-Price-amount amount\">5,000.00<span class=\"woocommerce-Price-currencySymbol\">&#8378;<\/span><\/span><\/del> <span class=\"screen-reader-text\">Orijinal fiyat: 5,000.00&#8378;.<\/span><ins aria-hidden=\"true\"><span class=\"woocommerce-Price-amount amount\">4,800.00<span class=\"woocommerce-Price-currencySymbol\">&#8378;<\/span><\/span><\/ins><span class=\"screen-reader-text\">\u015eu andaki fiyat: 4,800.00&#8378;.<\/span><\/div>\n\t\t\t\t\n\t\t\t\t<div class=\"wp-block-button wc-block-grid__product-add-to-cart\"><a href=\"?add-to-cart=104\" aria-label=\"Sepete ekle: \u201cKalorifer Motoru\u201d\" data-quantity=\"1\" data-product_id=\"104\" data-product_sku=\"010201030001\" data-price=\"4800\" rel=\"nofollow\" class=\"wp-block-button__link wp-element-button add_to_cart_button ajax_add_to_cart\">Sepete Ekle<\/a><\/div>\n\t\t\t<\/li><li class=\"wc-block-grid__product\">\n\t\t\t\t<a href=\"https:\/\/www.hafmakpar.com.tr\/?product=cakar-lamba\" class=\"wc-block-grid__product-link\">\n\t\t\t\t\t<div class=\"wc-block-grid__product-onsale\">\n\t\t\t<span aria-hidden=\"true\">\u0130ndirim<\/span>\n\t\t\t<span class=\"screen-reader-text\">\u0130ndirimdeki \u00fcr\u00fcn<\/span>\n\t\t<\/div>\n\t\t\t\t\t<div class=\"wc-block-grid__product-image\"><img loading=\"lazy\" decoding=\"async\" width=\"300\" height=\"300\" src=\"https:\/\/www.hafmakpar.com.tr\/wp-content\/uploads\/2025\/04\/WhatsApp-Image-2025-04-03-at-21.33.22-300x300.jpeg\" class=\"attachment-woocommerce_thumbnail size-woocommerce_thumbnail\" alt=\"\u00c7akar Lamba\" srcset=\"https:\/\/www.hafmakpar.com.tr\/wp-content\/uploads\/2025\/04\/WhatsApp-Image-2025-04-03-at-21.33.22-300x300.jpeg 300w, https:\/\/www.hafmakpar.com.tr\/wp-content\/uploads\/2025\/04\/WhatsApp-Image-2025-04-03-at-21.33.22-150x150.jpeg 150w, https:\/\/www.hafmakpar.com.tr\/wp-content\/uploads\/2025\/04\/WhatsApp-Image-2025-04-03-at-21.33.22-100x100.jpeg 100w\" sizes=\"auto, (max-width: 300px) 100vw, 300px\" \/><\/div>\n\t\t\t\t\t<div class=\"wc-block-grid__product-title\">\u00c7akar Lamba<\/div>\n\t\t\t\t<\/a>\n\t\t\t\t<div class=\"wc-block-grid__product-price price\"><del aria-hidden=\"true\"><span class=\"woocommerce-Price-amount amount\">1,500.00<span class=\"woocommerce-Price-currencySymbol\">&#8378;<\/span><\/span><\/del> <span class=\"screen-reader-text\">Orijinal fiyat: 1,500.00&#8378;.<\/span><ins aria-hidden=\"true\"><span class=\"woocommerce-Price-amount amount\">1,400.00<span class=\"woocommerce-Price-currencySymbol\">&#8378;<\/span><\/span><\/ins><span class=\"screen-reader-text\">\u015eu andaki fiyat: 1,400.00&#8378;.<\/span><\/div>\n\t\t\t\t\n\t\t\t\t<div class=\"wp-block-button wc-block-grid__product-add-to-cart\"><a href=\"?add-to-cart=102\" aria-label=\"Sepete ekle: \u201c\u00c7akar Lamba\u201d\" data-quantity=\"1\" data-product_id=\"102\" data-product_sku=\"02020001\" data-price=\"1400\" rel=\"nofollow\" class=\"wp-block-button__link wp-element-button add_to_cart_button ajax_add_to_cart\">Sepete Ekle<\/a><\/div>\n\t\t\t<\/li><li class=\"wc-block-grid__product\">\n\t\t\t\t<a href=\"https:\/\/www.hafmakpar.com.tr\/?product=patinaj-zinciri-2\" class=\"wc-block-grid__product-link\">\n\t\t\t\t\t<div class=\"wc-block-grid__product-onsale\">\n\t\t\t<span aria-hidden=\"true\">\u0130ndirim<\/span>\n\t\t\t<span class=\"screen-reader-text\">\u0130ndirimdeki \u00fcr\u00fcn<\/span>\n\t\t<\/div>\n\t\t\t\t\t<div class=\"wc-block-grid__product-image\"><img loading=\"lazy\" decoding=\"async\" width=\"300\" height=\"300\" src=\"https:\/\/www.hafmakpar.com.tr\/wp-content\/uploads\/2025\/04\/6-300x300.jpeg\" class=\"attachment-woocommerce_thumbnail size-woocommerce_thumbnail\" alt=\"Patinaj Zinciri\" srcset=\"https:\/\/www.hafmakpar.com.tr\/wp-content\/uploads\/2025\/04\/6-300x300.jpeg 300w, https:\/\/www.hafmakpar.com.tr\/wp-content\/uploads\/2025\/04\/6-150x150.jpeg 150w, https:\/\/www.hafmakpar.com.tr\/wp-content\/uploads\/2025\/04\/6-100x100.jpeg 100w\" sizes=\"auto, (max-width: 300px) 100vw, 300px\" \/><\/div>\n\t\t\t\t\t<div class=\"wc-block-grid__product-title\">Patinaj Zinciri<\/div>\n\t\t\t\t<\/a>\n\t\t\t\t<div class=\"wc-block-grid__product-price price\"><del aria-hidden=\"true\"><span class=\"woocommerce-Price-amount amount\">1,500.00<span class=\"woocommerce-Price-currencySymbol\">&#8378;<\/span><\/span><\/del> <span class=\"screen-reader-text\">Orijinal fiyat: 1,500.00&#8378;.<\/span><ins aria-hidden=\"true\"><span class=\"woocommerce-Price-amount amount\">1,400.00<span class=\"woocommerce-Price-currencySymbol\">&#8378;<\/span><\/span><\/ins><span class=\"screen-reader-text\">\u015eu andaki fiyat: 1,400.00&#8378;.<\/span><\/div>\n\t\t\t\t\n\t\t\t\t<div class=\"wp-block-button wc-block-grid__product-add-to-cart\"><a href=\"?add-to-cart=100\" aria-label=\"Sepete ekle: \u201cPatinaj Zinciri\u201d\" data-quantity=\"1\" data-product_id=\"100\" data-product_sku=\"02010002\" data-price=\"1400\" rel=\"nofollow\" class=\"wp-block-button__link wp-element-button add_to_cart_button ajax_add_to_cart\">Sepete Ekle<\/a><\/div>\n\t\t\t<\/li><\/ul><\/div><\/div><\/div>","protected":false},"excerpt":{"rendered":"","protected":false},"author":1,"featured_media":0,"parent":0,"menu_order":0,"comment_status":"closed","ping_status":"closed","template":"","meta":{"footnotes":""},"class_list":["post-8","page","type-page","status-publish","hentry"],"jetpack_sharing_enabled":true,"_links":{"self":[{"href":"https:\/\/www.hafmakpar.com.tr\/index.php?rest_route=\/wp\/v2\/pages\/8","targetHints":{"allow":["GET"]}}],"collection":[{"href":"https:\/\/www.hafmakpar.com.tr\/index.php?rest_route=\/wp\/v2\/pages"}],"about":[{"href":"https:\/\/www.hafmakpar.com.tr\/index.php?rest_route=\/wp\/v2\/types\/page"}],"author":[{"embeddable":true,"href":"https:\/\/www.hafmakpar.com.tr\/index.php?rest_route=\/wp\/v2\/users\/1"}],"replies":[{"embeddable":true,"href":"https:\/\/www.hafmakpar.com.tr\/index.php?rest_route=%2Fwp%2Fv2%2Fcomments&post=8"}],"version-history":[{"count":1,"href":"https:\/\/www.hafmakpar.com.tr\/index.php?rest_route=\/wp\/v2\/pages\/8\/revisions"}],"predecessor-version":[{"id":60,"href":"https:\/\/www.hafmakpar.com.tr\/index.php?rest_route=\/wp\/v2\/pages\/8\/revisions\/60"}],"wp:attachment":[{"href":"https:\/\/www.hafmakpar.com.tr\/index.php?rest_route=%2Fwp%2Fv2%2Fmedia&parent=8"}],"curies":[{"name":"wp","href":"https:\/\/api.w.org\/{rel}","templated":true}]}}